{"id":2187,"date":"2022-10-28T11:47:47","date_gmt":"2022-10-28T11:47:47","guid":{"rendered":"https:\/\/soliw.org\/site2\/?page_id=2187"},"modified":"2022-10-28T11:49:36","modified_gmt":"2022-10-28T11:49:36","slug":"ensino-de-adultos","status":"publish","type":"page","link":"https:\/\/soliw.org\/site2\/ensino-de-adultos\/","title":{"rendered":"Ensino de Adultos"},"content":{"rendered":"<div class=\"page-header\">\n<h2>Cursos EFA<\/h2>\n<\/div>\n<div>\n<p>Os Cursos de Educa\u00e7\u00e3o e Forma\u00e7\u00e3o de Adultos (Cursos EFA) s\u00e3o uma oferta de educa\u00e7\u00e3o e forma\u00e7\u00e3o para adultos que pretendam elevar as suas\u00a0qualifica\u00e7\u00f5es. Estes cursos desenvolvem-se segundo percursos de dupla certifica\u00e7\u00e3o e, sempre que tal se revele adequado ao perfil e hist\u00f3ria de vida dos adultos, apenas de habilita\u00e7\u00e3o escolar.<br \/>\nOs adultos j\u00e1 detentores do 3\u00ba ciclo do ensino b\u00e1sico ou do n\u00edvel secund\u00e1rio de educa\u00e7\u00e3o que pretendam obter uma dupla certifica\u00e7\u00e3o podem, sempre que se mostre adequado, desenvolver apenas a componente de forma\u00e7\u00e3o tecnol\u00f3gica do curso EFA correspondente.<\/p>\n<p><strong>Para quem<\/strong><br \/>\nOs Cursos EFA poder\u00e3o ser indicados para si, no caso de:<br \/>\n\u2212\u00a0Ter idade igual ou superior a 18 anos (a t\u00edtulo excecional, poder\u00e1 ser aprovada a frequ\u00eancia num determinado Curso EFA a formandos com idade inferior a 18 anos, desde que estejam inseridos no mercado de trabalho);<br \/>\n\u2212\u00a0Pretender completar o 1\u00ba, 2\u00ba, 3\u00ba ciclo do ensino b\u00e1sico ou\u00a0o ensino secund\u00e1rio;<br \/>\n\u2212\u00a0Desejar obter uma\u00a0certifica\u00e7\u00e3o profissional.<\/p>\n<p>Apenas os\u00a0candidatos com idade igual ou superior a 23 anos\u00a0podem frequentar um Curso EFA de n\u00edvel secund\u00e1rio ministrado em regime diurno ou a tempo integral.<\/p>\n<p><strong>Qual o objetivo<\/strong><br \/>\nEstes cursos d\u00e3o-lhe a possibilidade de adquirir habilita\u00e7\u00f5es escolares e\/ou compet\u00eancias profissionais, com vista a uma (re)inser\u00e7\u00e3o ou progress\u00e3o no mercado de trabalho.<\/p>\n<p><strong>O que s\u00e3o<\/strong><br \/>\nOs Cursos EFA organizam-se:<br \/>\na)\u00a0numa perspetiva de aprendizagem ao longo da vida;<br \/>\nb)\u00a0em percursos de forma\u00e7\u00e3o, definidos a partir de um diagn\u00f3stico inicial avaliativo, efetuado pela entidade formadora do Curso EFA, ou de um processo de reconhecimento e valida\u00e7\u00e3o das compet\u00eancias que o adulto foi adquirindo ao longo da vida;<br \/>\nc)\u00a0em percursos formativos desenvolvidos de forma articulada, integrando uma forma\u00e7\u00e3o de base e uma forma\u00e7\u00e3o tecnol\u00f3gica ou apenas uma destas;<br \/>\nd)\u00a0num modelo de forma\u00e7\u00e3o modular, tendo por base os referencias de forma\u00e7\u00e3o que integram o Cat\u00e1logo Nacional de Qualifica\u00e7\u00f5es;<br \/>\ne)\u00a0no desenvolvimento de uma forma\u00e7\u00e3o centrada em processos reflexivos e de aquisi\u00e7\u00e3o de compet\u00eancias, atrav\u00e9s de um m\u00f3dulo intitulado \u201cAprender com autonomia\u201d (n\u00edvel b\u00e1sico de educa\u00e7\u00e3o e\/ou\u00a0certifica\u00e7\u00e3o profissional) ou de um \u201cPortef\u00f3lio reflexivo de aprendizagens\u201d (n\u00edvel secund\u00e1rio e\/ou\u00a0certifica\u00e7\u00e3o profissional).<\/p>\n<p><strong>Cursos EFA (Educa\u00e7\u00e3o e Forma\u00e7\u00e3o de Adultos)<\/strong><\/p>\n<p>EFA B1 (equival\u00eancia ao 4\u00ba ano de escolaridade)<br \/>\nEFA B2 (equival\u00eancia ao 6\u00ba ano de escolaridade)<br \/>\nEFA B3 (equival\u00eancia ao 9\u00ba ano de escolaridade)<br \/>\nEFA SECUND\u00c1RIO -Tipo A, Tipo B, Tipo C &#8211; (equival\u00eancia ao 12\u00ba ano de escolaridade)<\/p>\n<\/div>\n<div>\n<h2><\/h2>\n<h2>Ensino Recorrente<\/h2>\n<p>O ensino recorrente apresenta-se como uma segunda oportunidade de educa\u00e7\u00e3o para os que dela n\u00e3o usufruiram em idade pr\u00f3pria ou que n\u00e3o a completaram e para aqueles que a procuram por raz\u00f5es de promo\u00e7\u00e3o cultural e profissional.<\/p>\n<p>Constitui-se, assim, uma vertente da educa\u00e7\u00e3o de adultos que, de uma forma organizada e segundo um plano de estudos, conduz \u00e0 obten\u00e7\u00e3o de um grau e \u00e0 atribui\u00e7\u00e3o de um diploma ou certificado, equivalentes aos conferidos pelo ensino diurno.<\/p>\n<p>O Ensino Secund\u00e1rio Recorrente concede uma certifica\u00e7\u00e3o equivalente, para todos os efeitos legais, \u00e0 que \u00e9 obtida nos percursos do n\u00edvel secund\u00e1rio de educa\u00e7\u00e3o que funcionam em regime diurno, mas organiza-se de forma aut\u00f3noma no que respeita \u00e0s condi\u00e7\u00f5es de acesso, curr\u00edculos, programas, avalia\u00e7\u00e3o dos alunos, etc.<\/p>\n<p><strong>Ensino Recorrente\u00a0(em regime presencial e n\u00e3o presencial)<\/strong><\/p>\n<p>Curso Cient\u00edfico-Human\u00edstico de Ci\u00eancias e Tecnologias<br \/>\nCurso Cient\u00edfico-Human\u00edstico de L\u00ednguas e Humanidades<br \/>\nCurso Cient\u00edfico-Human\u00edstico de Artes Visuais<br \/>\nCurso Cient\u00edfico-Humanistico de Ci\u00eancias Socioecon\u00f3micas<\/p>\n<\/div>\n","protected":false},"excerpt":{"rendered":"<p>Cursos EFA Os Cursos de Educa\u00e7\u00e3o e Forma\u00e7\u00e3o de Adultos (Cursos EFA) s\u00e3o uma oferta de educa\u00e7\u00e3o e forma\u00e7\u00e3o para adultos que pretendam elevar as suas\u00a0qualifica\u00e7\u00f5es. Estes cursos desenvolvem-se segundo [&hellip;]<\/p>\n","protected":false},"author":2,"featured_media":0,"parent":0,"menu_order":0,"comment_status":"closed","ping_status":"closed","template":"","meta":{"pagelayer_contact_templates":[],"_pagelayer_content":"","footnotes":""},"class_list":["post-2187","page","type-page","status-publish","hentry"],"publishpress_future_action":{"enabled":false,"date":"2026-04-23 15:29:00","action":"change-status","newStatus":"draft","terms":[],"taxonomy":""},"publishpress_future_workflow_manual_trigger":{"enabledWorkflows":[]},"_links":{"self":[{"href":"https:\/\/soliw.org\/site2\/wp-json\/wp\/v2\/pages\/2187","targetHints":{"allow":["GET"]}}],"collection":[{"href":"https:\/\/soliw.org\/site2\/wp-json\/wp\/v2\/pages"}],"about":[{"href":"https:\/\/soliw.org\/site2\/wp-json\/wp\/v2\/types\/page"}],"author":[{"embeddable":true,"href":"https:\/\/soliw.org\/site2\/wp-json\/wp\/v2\/users\/2"}],"replies":[{"embeddable":true,"href":"https:\/\/soliw.org\/site2\/wp-json\/wp\/v2\/comments?post=2187"}],"version-history":[{"count":2,"href":"https:\/\/soliw.org\/site2\/wp-json\/wp\/v2\/pages\/2187\/revisions"}],"predecessor-version":[{"id":2190,"href":"https:\/\/soliw.org\/site2\/wp-json\/wp\/v2\/pages\/2187\/revisions\/2190"}],"wp:attachment":[{"href":"https:\/\/soliw.org\/site2\/wp-json\/wp\/v2\/media?parent=2187"}],"curies":[{"name":"wp","href":"https:\/\/api.w.org\/{rel}","templated":true}]}}